{"id":14,"date":"2019-04-14T16:52:12","date_gmt":"2019-04-14T16:52:12","guid":{"rendered":"https:\/\/british-bikes.ch\/?page_id=14"},"modified":"2019-04-21T14:52:39","modified_gmt":"2019-04-21T12:52:39","slug":"unser-club-our-club","status":"publish","type":"page","link":"https:\/\/british-bikes.ch\/?page_id=14","title":{"rendered":"Unser Club \/ Our Club"},"content":{"rendered":"<p align=\"left\">Der <strong><em>S<\/em>wiss <em>B<\/em>ritish <em>M<\/em>otorcycle <em>C<\/em>lub (<em>SBMC<\/em>)<\/strong> verbindet Fahrer und Fahrerinnen historischer und modernen Englischer Motorr\u00e4der.<\/p>\n<p align=\"left\">Neben den j\u00e4hrlichen Veranstaltungen, treffen sich die Mitglieder monatlich an den diversen Regionalst\u00e4mmen. Wer sich f\u00fcr eine Mitgliedschaft interessiert, wendet sich am besten an ein <a href=\"https:\/\/british-bikes.ch\/?page_id=46\">Vorstandsmitglied<\/a> oder ist herzlich eingeladen, an einem Regionalstamm teilzunehmen.<\/p>\n<p align=\"left\">The <strong><em>S<\/em>wiss <em>B<\/em>ritish <em>M<\/em>otorcycle <em>C<\/em>lub (<em>SBMC<\/em>)<\/strong> incorporates riders of classic and contemporary British Motorcycles. Future members and guests are welcome at our events and rallies.<\/p>\n<p align=\"left\">Euer Pr\u00e4si<\/p>\n<p align=\"left\"><img loading=\"lazy\" decoding=\"async\" class=\"alignnone size-medium wp-image-16\" src=\"https:\/\/british-bikes.ch\/wp-content\/uploads\/praesi-236x300.jpg\" alt=\"\" width=\"236\" height=\"300\" srcset=\"https:\/\/british-bikes.ch\/wp-content\/uploads\/praesi-236x300.jpg 236w, https:\/\/british-bikes.ch\/wp-content\/uploads\/praesi.jpg 444w\" sizes=\"auto, (max-width: 236px) 100vw, 236px\" \/><\/p>\n","protected":false},"excerpt":{"rendered":"<p>Der Swiss British Motorcycle Club (SBMC) verbindet Fahrer und Fahrerinnen historischer und modernen Englischer Motorr\u00e4der. Neben den j\u00e4hrlichen Veranstaltungen, treffen&hellip;<\/p>\n","protected":false},"author":1,"featured_media":136,"parent":0,"menu_order":0,"comment_status":"closed","ping_status":"closed","template":"","meta":{"footnotes":""},"class_list":["post-14","page","type-page","status-publish","has-post-thumbnail","hentry"],"_links":{"self":[{"href":"https:\/\/british-bikes.ch\/index.php?rest_route=\/wp\/v2\/pages\/14","targetHints":{"allow":["GET"]}}],"collection":[{"href":"https:\/\/british-bikes.ch\/index.php?rest_route=\/wp\/v2\/pages"}],"about":[{"href":"https:\/\/british-bikes.ch\/index.php?rest_route=\/wp\/v2\/types\/page"}],"author":[{"embeddable":true,"href":"https:\/\/british-bikes.ch\/index.php?rest_route=\/wp\/v2\/users\/1"}],"replies":[{"embeddable":true,"href":"https:\/\/british-bikes.ch\/index.php?rest_route=%2Fwp%2Fv2%2Fcomments&post=14"}],"version-history":[{"count":4,"href":"https:\/\/british-bikes.ch\/index.php?rest_route=\/wp\/v2\/pages\/14\/revisions"}],"predecessor-version":[{"id":204,"href":"https:\/\/british-bikes.ch\/index.php?rest_route=\/wp\/v2\/pages\/14\/revisions\/204"}],"wp:featuredmedia":[{"embeddable":true,"href":"https:\/\/british-bikes.ch\/index.php?rest_route=\/wp\/v2\/media\/136"}],"wp:attachment":[{"href":"https:\/\/british-bikes.ch\/index.php?rest_route=%2Fwp%2Fv2%2Fmedia&parent=14"}],"curies":[{"name":"wp","href":"https:\/\/api.w.org\/{rel}","templated":true}]}}