{"id":152,"date":"2019-04-19T14:33:24","date_gmt":"2019-04-19T12:33:24","guid":{"rendered":"https:\/\/british-bikes.ch\/?page_id=152"},"modified":"2020-08-11T10:15:00","modified_gmt":"2020-08-11T08:15:00","slug":"links","status":"publish","type":"page","link":"https:\/\/british-bikes.ch\/?page_id=152","title":{"rendered":"Links"},"content":{"rendered":"\n<p><a rel=\"noreferrer noopener\" aria-label=\" (\u00f6ffnet in neuem Tab)\" href=\"http:\/\/www.bbvezio.ch\/\" target=\"_blank\">Amici Moto Inglesi Vezio<\/a><br><br><a rel=\"noreferrer noopener\" href=\"http:\/\/www.fam-amv.ch\/\" target=\"_blank\">Freunde alter Motorr\u00e4der Schweiz<\/a><\/p>\n\n\n\n<p><a rel=\"noreferrer noopener\" href=\"https:\/\/www.triumph-city.ch\/\" target=\"_blank\">Triumph City Grossaffoltern<\/a> \/ <a rel=\"noreferrer noopener\" href=\"https:\/\/www.facebook.com\/Triumph-City-188094294546697\/\" target=\"_blank\">Facebook<\/a><\/p>\n\n\n\n<p><a href=\"http:\/\/bonneville-so.ch\/\" target=\"_blank\" rel=\"noreferrer noopener\" aria-label=\"Bonneville-SO (\u00f6ffnet in neuem Tab)\">Bonneville-SO<\/a><\/p>\n\n\n\n<p><strong><em> Alles rund ums Moped <\/em><\/strong><\/p>\n\n\n\n<p><a href=\"http:\/\/www.flury-norton.ch\" target=\"_blank\" rel=\"noreferrer noopener\">Flury Motor Switzerland<\/a><\/p>\n\n\n\n<p><a href=\"http:\/\/www.iff2rad-center.ch\" target=\"_blank\" rel=\"noreferrer noopener\" aria-label=\"IFF Motorcycles AG Gettnau (\u00f6ffnet in neuem Tab)\">IFF Motorcycles AG Gettnau<\/a><\/p>\n\n\n\n<p><a href=\"https:\/\/www.britishparts.ch\" target=\"_blank\" rel=\"noreferrer noopener\">British Parts<\/a><\/p>\n\n\n\n<p><a href=\"http:\/\/www.club-of-classic-bikes.ch\" target=\"_blank\" rel=\"noreferrer noopener\" aria-label=\"Club of Classic Bikes (\u00f6ffnet in neuem Tab)\">Club of Classic Bikes<\/a><\/p>\n\n\n\n<p><a href=\"http:\/\/www.ukmotorcycles.ch\" target=\"_blank\" rel=\"noreferrer noopener\" aria-label=\"Thunderbolt and more (\u00f6ffnet in neuem Tab)\">Thunderbolt and more<\/a><\/p>\n\n\n\n<p><a href=\"http:\/\/www.vintage-bikes.ch\" target=\"_blank\" rel=\"noreferrer noopener\" aria-label=\"Vintage Bikes (\u00f6ffnet in neuem Tab)\">Vintage Bikes<\/a><\/p>\n\n\n\n<p><a href=\"http:\/\/www.ig-motorrad.ch\" target=\"_blank\" rel=\"noreferrer noopener\" aria-label=\"IG Motorrad (\u00f6ffnet in neuem Tab)\">IG Motorrad<\/a><\/p>\n\n\n\n<p><a href=\"http:\/\/www.fhrm.ch\/\" target=\"_blank\" rel=\"noreferrer noopener\" aria-label=\"FHRM (\u00f6ffnet in neuem Tab)\">FHRM<\/a><\/p>\n\n\n\n<p><a href=\"http:\/\/www.cbbc.de\" target=\"_blank\" rel=\"noreferrer noopener\" aria-label=\"Classic British Bike Club e. V. (\u00f6ffnet in neuem Tab)\">Classic British Bike Club e. V.<\/a><\/p>\n\n\n\n<p><a href=\"http:\/\/www.classic-motorrad.de\/v25\" target=\"_blank\" rel=\"noreferrer noopener\" aria-label=\"classic motorrad (\u00f6ffnet in neuem Tab)\">classic motorrad<\/a><\/p>\n\n\n\n<p><a href=\"http:\/\/www.toeff-fruend.ch\/links\/ctflink1.htm\" target=\"_blank\" rel=\"noreferrer noopener\" aria-label=\"Club T\u00f6ff-Fr\u00fcnd (\u00f6ffnet in neuem Tab)\">Club T\u00f6ff-Fr\u00fcnd<\/a><\/p>\n","protected":false},"excerpt":{"rendered":"<p>Amici Moto Inglesi Vezio Freunde alter Motorr\u00e4der Schweiz Triumph City Grossaffoltern \/ Facebook Bonneville-SO Alles rund ums Moped Flury Motor&hellip;<\/p>\n","protected":false},"author":1,"featured_media":0,"parent":0,"menu_order":0,"comment_status":"closed","ping_status":"closed","template":"","meta":{"footnotes":""},"class_list":["post-152","page","type-page","status-publish","hentry"],"_links":{"self":[{"href":"https:\/\/british-bikes.ch\/index.php?rest_route=\/wp\/v2\/pages\/152","targetHints":{"allow":["GET"]}}],"collection":[{"href":"https:\/\/british-bikes.ch\/index.php?rest_route=\/wp\/v2\/pages"}],"about":[{"href":"https:\/\/british-bikes.ch\/index.php?rest_route=\/wp\/v2\/types\/page"}],"author":[{"embeddable":true,"href":"https:\/\/british-bikes.ch\/index.php?rest_route=\/wp\/v2\/users\/1"}],"replies":[{"embeddable":true,"href":"https:\/\/british-bikes.ch\/index.php?rest_route=%2Fwp%2Fv2%2Fcomments&post=152"}],"version-history":[{"count":20,"href":"https:\/\/british-bikes.ch\/index.php?rest_route=\/wp\/v2\/pages\/152\/revisions"}],"predecessor-version":[{"id":421,"href":"https:\/\/british-bikes.ch\/index.php?rest_route=\/wp\/v2\/pages\/152\/revisions\/421"}],"wp:attachment":[{"href":"https:\/\/british-bikes.ch\/index.php?rest_route=%2Fwp%2Fv2%2Fmedia&parent=152"}],"curies":[{"name":"wp","href":"https:\/\/api.w.org\/{rel}","templated":true}]}}