{"id":52,"date":"2019-04-14T19:19:54","date_gmt":"2019-04-14T17:19:54","guid":{"rendered":"https:\/\/british-bikes.ch\/?page_id=52"},"modified":"2019-04-14T22:39:53","modified_gmt":"2019-04-14T20:39:53","slug":"club-hilfe-helpline","status":"publish","type":"page","link":"https:\/\/british-bikes.ch\/?page_id=52","title":{"rendered":"Club Hilfe \/ Helpline"},"content":{"rendered":"\n<p>Bei Notsituationen kann sich die betroffene Person oder Familie an  den Vorstand wenden. Der Vorstand entscheidet mindestens im 3er Gremium,  in welcher Form die Hilfestellung gew\u00e4hrt werden kann (Platz, Geld,  Beratung). Jeder Fall ist unterschiedlich und bedarf unterschiedlicher Massnahmen.<br>Somit ist der Vorstand an kein spezielles Verfahren gebunden sondern<br> entscheidet von Fall zu Fall. Eine Anlaufstelle wo sich Angeh\u00f6rige oder auch \u00e4ltere Mitglieder melden k\u00f6nnen, wenn z.B. bei Todesfall Motorr\u00e4der, Ersatzteile oder anderes T\u00f6ffmaterial aufgefunden wird, welches im geeigneten Rahmen weitergegeben bzw. verkauft werden m\u00f6chte.<br><br><a href=\"mailto:vorstand@british-bikes.ch\">Kontaktiere den Vorstand.<\/a><\/p>\n","protected":false},"excerpt":{"rendered":"<p>Bei Notsituationen kann sich die betroffene Person oder Familie an den Vorstand wenden. Der Vorstand entscheidet mindestens im 3er Gremium,&hellip;<\/p>\n","protected":false},"author":1,"featured_media":0,"parent":0,"menu_order":0,"comment_status":"closed","ping_status":"closed","template":"","meta":{"footnotes":""},"class_list":["post-52","page","type-page","status-publish","hentry"],"_links":{"self":[{"href":"https:\/\/british-bikes.ch\/index.php?rest_route=\/wp\/v2\/pages\/52","targetHints":{"allow":["GET"]}}],"collection":[{"href":"https:\/\/british-bikes.ch\/index.php?rest_route=\/wp\/v2\/pages"}],"about":[{"href":"https:\/\/british-bikes.ch\/index.php?rest_route=\/wp\/v2\/types\/page"}],"author":[{"embeddable":true,"href":"https:\/\/british-bikes.ch\/index.php?rest_route=\/wp\/v2\/users\/1"}],"replies":[{"embeddable":true,"href":"https:\/\/british-bikes.ch\/index.php?rest_route=%2Fwp%2Fv2%2Fcomments&post=52"}],"version-history":[{"count":2,"href":"https:\/\/british-bikes.ch\/index.php?rest_route=\/wp\/v2\/pages\/52\/revisions"}],"predecessor-version":[{"id":98,"href":"https:\/\/british-bikes.ch\/index.php?rest_route=\/wp\/v2\/pages\/52\/revisions\/98"}],"wp:attachment":[{"href":"https:\/\/british-bikes.ch\/index.php?rest_route=%2Fwp%2Fv2%2Fmedia&parent=52"}],"curies":[{"name":"wp","href":"https:\/\/api.w.org\/{rel}","templated":true}]}}